{"id":5226,"date":"2024-07-14T18:28:07","date_gmt":"2024-07-14T18:28:07","guid":{"rendered":"https:\/\/oneartistlook.com\/?post_type=product&#038;p=5226"},"modified":"2026-03-15T05:57:50","modified_gmt":"2026-03-15T05:57:50","slug":"camisas-2024-satin-b009","status":"publish","type":"product","link":"https:\/\/oneartistlook.com\/?product=camisas-2024-satin-b009","title":{"rendered":"CAMISAS 2024 SATIN B009"},"content":{"rendered":"<p>-Obs: la fabricaci\u00f3n del producto comienza a partir de su compra; no contamos con stock de todos los productos y sus tallas. La evoluci\u00f3n en la moda ocurre debido a la gran demanda de productos que realmente contengan un dise\u00f1o\u00a0que nos permita disfrutar del gran gusto y contenido creativo. Es un imperativo salirse de los est\u00e1ndares convencionales para poder lucir nuestro gran talento universal. Y esto bajo ninguna circunstancia podr\u00eda ser sin incluir el arte que representa la construcci\u00f3n de nuestro universo infinito. Bienvenidos al mundo de lo incre\u00edble que es la moda ONEARTISTLOOK. 2-Obs: El tiempo de entrega es de un promedio de 30 d\u00edas naturales.<\/p>\n","protected":false},"excerpt":{"rendered":"<p>Camisa colecci\u00f3n satin estampado basado en un estilo art\u00edstico<\/p>\n","protected":false},"featured_media":6555,"comment_status":"open","ping_status":"closed","template":"","meta":{"site-sidebar-layout":"default","site-content-layout":"","ast-site-content-layout":"default","site-content-style":"default","site-sidebar-style":"default","ast-global-header-display":"","ast-banner-title-visibility":"","ast-main-header-display":"","ast-hfb-above-header-display":"","ast-hfb-below-header-display":"","ast-hfb-mobile-header-display":"","site-post-title":"","ast-breadcrumbs-content":"","ast-featured-img":"","footer-sml-layout":"","ast-disable-related-posts":"","theme-transparent-header-meta":"","adv-header-id-meta":"","stick-header-meta":"","header-above-stick-meta":"","header-main-stick-meta":"","header-below-stick-meta":"","astra-migrate-meta-layouts":"default","ast-page-background-enabled":"default","ast-page-background-meta":{"desktop":{"background-color":"var(--ast-global-color-4)","background-image":"","background-repeat":"repeat","background-position":"center center","background-size":"auto","background-attachment":"scroll","background-type":"","background-media":"","overlay-type":"","overlay-color":"","overlay-opacity":"","overlay-gradient":""},"tablet":{"background-color":"","background-image":"","background-repeat":"repeat","background-position":"center center","background-size":"auto","background-attachment":"scroll","background-type":"","background-media":"","overlay-type":"","overlay-color":"","overlay-opacity":"","overlay-gradient":""},"mobile":{"background-color":"","background-image":"","background-repeat":"repeat","background-position":"center center","background-size":"auto","background-attachment":"scroll","background-type":"","background-media":"","overlay-type":"","overlay-color":"","overlay-opacity":"","overlay-gradient":""}},"ast-content-background-meta":{"desktop":{"background-color":"var(--ast-global-color-5)","background-image":"","background-repeat":"repeat","background-position":"center center","background-size":"auto","background-attachment":"scroll","background-type":"","background-media":"","overlay-type":"","overlay-color":"","overlay-opacity":"","overlay-gradient":""},"tablet":{"background-color":"var(--ast-global-color-5)","background-image":"","background-repeat":"repeat","background-position":"center center","background-size":"auto","background-attachment":"scroll","background-type":"","background-media":"","overlay-type":"","overlay-color":"","overlay-opacity":"","overlay-gradient":""},"mobile":{"background-color":"var(--ast-global-color-5)","background-image":"","background-repeat":"repeat","background-position":"center center","background-size":"auto","background-attachment":"scroll","background-type":"","background-media":"","overlay-type":"","overlay-color":"","overlay-opacity":"","overlay-gradient":""}}},"product_brand":[],"product_cat":[116],"product_tag":[118],"class_list":{"0":"post-5226","1":"product","2":"type-product","3":"status-publish","4":"has-post-thumbnail","6":"product_cat-coleccion-camisas-2024-satin","7":"product_tag-ultimos-lanzamientos","8":"desktop-align-left","9":"tablet-align-left","10":"mobile-align-left","12":"first","13":"instock","14":"shipping-taxable","15":"purchasable","16":"product-type-simple"},"jetpack_sharing_enabled":true,"_links":{"self":[{"href":"https:\/\/oneartistlook.com\/index.php?rest_route=\/wp\/v2\/product\/5226","targetHints":{"allow":["GET"]}}],"collection":[{"href":"https:\/\/oneartistlook.com\/index.php?rest_route=\/wp\/v2\/product"}],"about":[{"href":"https:\/\/oneartistlook.com\/index.php?rest_route=\/wp\/v2\/types\/product"}],"replies":[{"embeddable":true,"href":"https:\/\/oneartistlook.com\/index.php?rest_route=%2Fwp%2Fv2%2Fcomments&post=5226"}],"wp:featuredmedia":[{"embeddable":true,"href":"https:\/\/oneartistlook.com\/index.php?rest_route=\/wp\/v2\/media\/6555"}],"wp:attachment":[{"href":"https:\/\/oneartistlook.com\/index.php?rest_route=%2Fwp%2Fv2%2Fmedia&parent=5226"}],"wp:term":[{"taxonomy":"product_brand","embeddable":true,"href":"https:\/\/oneartistlook.com\/index.php?rest_route=%2Fwp%2Fv2%2Fproduct_brand&post=5226"},{"taxonomy":"product_cat","embeddable":true,"href":"https:\/\/oneartistlook.com\/index.php?rest_route=%2Fwp%2Fv2%2Fproduct_cat&post=5226"},{"taxonomy":"product_tag","embeddable":true,"href":"https:\/\/oneartistlook.com\/index.php?rest_route=%2Fwp%2Fv2%2Fproduct_tag&post=5226"}],"curies":[{"name":"wp","href":"https:\/\/api.w.org\/{rel}","templated":true}]}}